{"id":515,"date":"2016-12-20T10:46:48","date_gmt":"2016-12-20T09:46:48","guid":{"rendered":"http:\/\/artjaniszewski.pl\/de\/referencje\/"},"modified":"2017-01-21T21:13:29","modified_gmt":"2017-01-21T20:13:29","slug":"referencje-stanislaw-janiszewski-artysta","status":"publish","type":"page","link":"https:\/\/artjaniszewski.pl\/de\/referencje-stanislaw-janiszewski-artysta\/","title":{"rendered":"Referenzen"},"content":{"rendered":"<h3><span style=\"color: #000000;\">STANIS\u0141AW JANISZEWSKI &#8211;\u00a0<\/span>BILDHAUER<\/h3>\n<h3><span style=\"color: #000000;\"> <span style=\"color: #ffffff;\">.Lampy witra\u017cowe, Witra\u017ce, Odlewy, Statuetki, Pomniki, Rze\u017aby, Renowacja i Rekonstrukcja Antyk\u00f3w, \u017byrandole, \u015awieczniki, Dzie\u0142a Sakralne, Tablice, Modele.<\/span><\/span><\/h3>\n<div id=\"themify_builder_content-515\" data-postid=\"515\" class=\"themify_builder_content themify_builder_content-515 themify_builder themify_builder_front\">\n\n\t\t\t\t<!-- module_row -->\n\t\t\t<div  data-gutter=\"gutter-default\" class=\"themify_builder_row themify_builder_515_row module_row module_row_0 clearfix gutter-default col_align_top\" data-equal-column-height=\"\" data-column-alignment=\"col_align_top\">\n\n\t\t\n\t\t\t\t\n\t\t\t\t<div class=\"row_inner_wrapper\">\n\t\t\t\t\t<div class=\"row_inner\">\n\n\t\t\t\t\t\t\n\t\t\t\t\t\t\n\t\t\t\t\t\t\t\n\t\t<div  class=\"col-full first tb-column  tb_515_column module_column_0 module_column\" >\n\n\t\t\t\n\t\t\t\n\t\t\t<div class=\"tb-column-inner\">\n\n\t\t\t\t\n\t\t\t\t\n\t\t\t\t\t\n    <!-- module gallery -->\n    <div id=\"gallery-515-0-0-1\" class=\"module module-gallery gallery-515-0-0-1 gallery gallery-columns-4  layout-grid drop-shadow  wow zoomIn\">\n\n        \n        \t<dl class=\"gallery-item\">\n\t\t<dt class=\"gallery-icon\">\n\t\t<a title=\"\" href=\"https:\/\/artjaniszewski.pl\/wp-content\/uploads\/2016\/12\/1.jpg\"><img decoding=\"async\" src=\"https:\/\/artjaniszewski.pl\/wp-content\/uploads\/2016\/12\/1-735x1024.jpg\" alt=\"Referenzen\" \/><\/a>\t\t<\/dt>\n\t\t\t\t<dd>\n\t\t\t\t\t\t\t\t<\/dd>\n\t<\/dl>\n\n\t\n\t<dl class=\"gallery-item\">\n\t\t<dt class=\"gallery-icon\">\n\t\t<a title=\"\" href=\"https:\/\/artjaniszewski.pl\/wp-content\/uploads\/2016\/12\/2.jpg\"><img decoding=\"async\" src=\"https:\/\/artjaniszewski.pl\/wp-content\/uploads\/2016\/12\/2-720x1024.jpg\" alt=\"Referenzen\" \/><\/a>\t\t<\/dt>\n\t\t\t\t<dd>\n\t\t\t\t\t\t\t\t<\/dd>\n\t<\/dl>\n\n\t\n\t<dl class=\"gallery-item\">\n\t\t<dt class=\"gallery-icon\">\n\t\t<a title=\"\" href=\"https:\/\/artjaniszewski.pl\/wp-content\/uploads\/2016\/12\/4.jpg\"><img decoding=\"async\" src=\"https:\/\/artjaniszewski.pl\/wp-content\/uploads\/2016\/12\/4-725x1024.jpg\" alt=\"Referenzen\" \/><\/a>\t\t<\/dt>\n\t\t\t\t<dd>\n\t\t\t\t\t\t\t\t<\/dd>\n\t<\/dl>\n\n\t\n\t<dl class=\"gallery-item\">\n\t\t<dt class=\"gallery-icon\">\n\t\t<a title=\"\" href=\"https:\/\/artjaniszewski.pl\/wp-content\/uploads\/2016\/12\/12.jpg\"><img decoding=\"async\" src=\"https:\/\/artjaniszewski.pl\/wp-content\/uploads\/2016\/12\/12-739x1024.jpg\" alt=\"Referenzen\" \/><\/a>\t\t<\/dt>\n\t\t\t\t<dd>\n\t\t\t\t\t\t\t\t<\/dd>\n\t<\/dl>\n\n\t\t\t<br style=\"clear: both\" \/>\n\t\n\t<dl class=\"gallery-item\">\n\t\t<dt class=\"gallery-icon\">\n\t\t<a title=\"\" href=\"https:\/\/artjaniszewski.pl\/wp-content\/uploads\/2016\/12\/3.jpg\"><img decoding=\"async\" src=\"https:\/\/artjaniszewski.pl\/wp-content\/uploads\/2016\/12\/3-1024x636.jpg\" alt=\"Referenzen\" \/><\/a>\t\t<\/dt>\n\t\t\t\t<dd>\n\t\t\t\t\t\t\t\t<\/dd>\n\t<\/dl>\n\n\t\n\t<dl class=\"gallery-item\">\n\t\t<dt class=\"gallery-icon\">\n\t\t<a title=\"\" href=\"https:\/\/artjaniszewski.pl\/wp-content\/uploads\/2016\/12\/5.jpg\"><img decoding=\"async\" src=\"https:\/\/artjaniszewski.pl\/wp-content\/uploads\/2016\/12\/5-1024x729.jpg\" alt=\"Referenzen\" \/><\/a>\t\t<\/dt>\n\t\t\t\t<dd>\n\t\t\t\t\t\t\t\t<\/dd>\n\t<\/dl>\n\n\t\n\t<dl class=\"gallery-item\">\n\t\t<dt class=\"gallery-icon\">\n\t\t<a title=\"\" href=\"https:\/\/artjaniszewski.pl\/wp-content\/uploads\/2016\/12\/6.jpg\"><img decoding=\"async\" src=\"https:\/\/artjaniszewski.pl\/wp-content\/uploads\/2016\/12\/6-1024x732.jpg\" alt=\"Referenzen\" \/><\/a>\t\t<\/dt>\n\t\t\t\t<dd>\n\t\t\t\t\t\t\t\t<\/dd>\n\t<\/dl>\n\n\t\n\t<dl class=\"gallery-item\">\n\t\t<dt class=\"gallery-icon\">\n\t\t<a title=\"\" href=\"https:\/\/artjaniszewski.pl\/wp-content\/uploads\/2016\/12\/7.jpg\"><img decoding=\"async\" src=\"https:\/\/artjaniszewski.pl\/wp-content\/uploads\/2016\/12\/7-1024x727.jpg\" alt=\"Referenzen\" \/><\/a>\t\t<\/dt>\n\t\t\t\t<dd>\n\t\t\t\t\t\t\t\t<\/dd>\n\t<\/dl>\n\n\t\t\t<br style=\"clear: both\" \/>\n\t\n\t<dl class=\"gallery-item\">\n\t\t<dt class=\"gallery-icon\">\n\t\t<a title=\"\" href=\"https:\/\/artjaniszewski.pl\/wp-content\/uploads\/2016\/12\/8.jpg\"><img decoding=\"async\" src=\"https:\/\/artjaniszewski.pl\/wp-content\/uploads\/2016\/12\/8-1024x626.jpg\" alt=\"Referenzen\" \/><\/a>\t\t<\/dt>\n\t\t\t\t<dd>\n\t\t\t\t\t\t\t\t<\/dd>\n\t<\/dl>\n\n\t\n\t<dl class=\"gallery-item\">\n\t\t<dt class=\"gallery-icon\">\n\t\t<a title=\"\" href=\"https:\/\/artjaniszewski.pl\/wp-content\/uploads\/2016\/12\/9.jpg\"><img decoding=\"async\" src=\"https:\/\/artjaniszewski.pl\/wp-content\/uploads\/2016\/12\/9-1024x789.jpg\" alt=\"Referenzen\" \/><\/a>\t\t<\/dt>\n\t\t\t\t<dd>\n\t\t\t\t\t\t\t\t<\/dd>\n\t<\/dl>\n\n\t\n\t<dl class=\"gallery-item\">\n\t\t<dt class=\"gallery-icon\">\n\t\t<a title=\"\" href=\"https:\/\/artjaniszewski.pl\/wp-content\/uploads\/2016\/12\/10.jpg\"><img decoding=\"async\" src=\"https:\/\/artjaniszewski.pl\/wp-content\/uploads\/2016\/12\/10-1024x732.jpg\" alt=\"Referenzen\" \/><\/a>\t\t<\/dt>\n\t\t\t\t<dd>\n\t\t\t\t\t\t\t\t<\/dd>\n\t<\/dl>\n\n\t\n\t<dl class=\"gallery-item\">\n\t\t<dt class=\"gallery-icon\">\n\t\t<a title=\"\" href=\"https:\/\/artjaniszewski.pl\/wp-content\/uploads\/2016\/12\/11.jpg\"><img decoding=\"async\" src=\"https:\/\/artjaniszewski.pl\/wp-content\/uploads\/2016\/12\/11-1024x823.jpg\" alt=\"Referenzen\" \/><\/a>\t\t<\/dt>\n\t\t\t\t<dd>\n\t\t\t\t\t\t\t\t<\/dd>\n\t<\/dl>\n\n\t\t\t<br style=\"clear: both\" \/>\n\t\n\t<dl class=\"gallery-item\">\n\t\t<dt class=\"gallery-icon\">\n\t\t<a title=\"\" href=\"https:\/\/artjaniszewski.pl\/wp-content\/uploads\/2016\/12\/13.jpg\"><img decoding=\"async\" src=\"https:\/\/artjaniszewski.pl\/wp-content\/uploads\/2016\/12\/13-643x1024.jpg\" alt=\"Referenzen\" \/><\/a>\t\t<\/dt>\n\t\t\t\t<dd>\n\t\t\t\t\t\t\t\t<\/dd>\n\t<\/dl>\n\n\t\n\t<dl class=\"gallery-item\">\n\t\t<dt class=\"gallery-icon\">\n\t\t<a title=\"\" href=\"https:\/\/artjaniszewski.pl\/wp-content\/uploads\/2016\/12\/15.jpg\"><img decoding=\"async\" src=\"https:\/\/artjaniszewski.pl\/wp-content\/uploads\/2016\/12\/15-734x1024.jpg\" alt=\"Referenzen\" \/><\/a>\t\t<\/dt>\n\t\t\t\t<dd>\n\t\t\t\t\t\t\t\t<\/dd>\n\t<\/dl>\n\n\t\n\t<dl class=\"gallery-item\">\n\t\t<dt class=\"gallery-icon\">\n\t\t<a title=\"\" href=\"https:\/\/artjaniszewski.pl\/wp-content\/uploads\/2016\/12\/16.jpg\"><img decoding=\"async\" src=\"https:\/\/artjaniszewski.pl\/wp-content\/uploads\/2016\/12\/16-721x1024.jpg\" alt=\"Referenzen\" \/><\/a>\t\t<\/dt>\n\t\t\t\t<dd>\n\t\t\t\t\t\t\t\t<\/dd>\n\t<\/dl>\n\n\t\n\t<dl class=\"gallery-item\">\n\t\t<dt class=\"gallery-icon\">\n\t\t<a title=\"\" href=\"https:\/\/artjaniszewski.pl\/wp-content\/uploads\/2016\/12\/17.jpg\"><img decoding=\"async\" src=\"https:\/\/artjaniszewski.pl\/wp-content\/uploads\/2016\/12\/17-660x1024.jpg\" alt=\"Referenzen\" \/><\/a>\t\t<\/dt>\n\t\t\t\t<dd>\n\t\t\t\t\t\t\t\t<\/dd>\n\t<\/dl>\n\n\t\t\t<br style=\"clear: both\" \/>\n\t\n\t<dl class=\"gallery-item\">\n\t\t<dt class=\"gallery-icon\">\n\t\t<a title=\"\" href=\"https:\/\/artjaniszewski.pl\/wp-content\/uploads\/2016\/12\/18.jpg\"><img decoding=\"async\" src=\"https:\/\/artjaniszewski.pl\/wp-content\/uploads\/2016\/12\/18-745x1024.jpg\" alt=\"Referenzen\" \/><\/a>\t\t<\/dt>\n\t\t\t\t<dd>\n\t\t\t\t\t\t\t\t<\/dd>\n\t<\/dl>\n\n\t\n\t<dl class=\"gallery-item\">\n\t\t<dt class=\"gallery-icon\">\n\t\t<a title=\"\" href=\"https:\/\/artjaniszewski.pl\/wp-content\/uploads\/2016\/12\/19.jpg\"><img decoding=\"async\" src=\"https:\/\/artjaniszewski.pl\/wp-content\/uploads\/2016\/12\/19-743x1024.jpg\" alt=\"Referenzen\" \/><\/a>\t\t<\/dt>\n\t\t\t\t<dd>\n\t\t\t\t\t\t\t\t<\/dd>\n\t<\/dl>\n\n\t\n<br style=\"clear: both\" \/>\n\n    <\/div>\n    <!-- \/module gallery -->\n\n\n\t\t\t\t\n\t\t\t<\/div><!-- \/.tb-column-inner -->\n\t\t\t\t\t<\/div>\n\t\t<!-- \/.tb-column -->\n\t\t\n\t\t\n\t\t\t\t\t\t\t\t\n\t\t\t\t\t\t\t\t\n\t\t\t\t\t\t\t\n\t\t\t\t\t\t<\/div>\n\t\t\t\t\t\t<!-- \/row_inner -->\n\t\t\t\t\t<\/div>\n\t\t\t\t\t<!-- \/row_inner_wrapper -->\n\t\t\t\t<\/div>\n\t\t\t\t<!-- \/module_row -->\n\t\t<\/div>\n<!-- \/themify_builder_content -->","protected":false},"excerpt":{"rendered":"<p>STANIS\u0141AW JANISZEWSKI &#8211;\u00a0BILDHAUER .Lampy witra\u017cowe, Witra\u017ce, Odlewy, Statuetki, Pomniki, Rze\u017aby, Renowacja i Rekonstrukcja Antyk\u00f3w, \u017byrandole, \u015awieczniki, Dzie\u0142a Sakralne, Tablice, Modele.<\/p>\n","protected":false},"author":1,"featured_media":0,"parent":0,"menu_order":0,"comment_status":"closed","ping_status":"closed","template":"","meta":{"footnotes":""},"class_list":["post-515","page","type-page","status-publish","hentry","has-post-title","has-post-date","has-post-category","has-post-tag","has-post-comment","has-post-author"],"_links":{"self":[{"href":"https:\/\/artjaniszewski.pl\/de\/wp-json\/wp\/v2\/pages\/515","targetHints":{"allow":["GET"]}}],"collection":[{"href":"https:\/\/artjaniszewski.pl\/de\/wp-json\/wp\/v2\/pages"}],"about":[{"href":"https:\/\/artjaniszewski.pl\/de\/wp-json\/wp\/v2\/types\/page"}],"author":[{"embeddable":true,"href":"https:\/\/artjaniszewski.pl\/de\/wp-json\/wp\/v2\/users\/1"}],"replies":[{"embeddable":true,"href":"https:\/\/artjaniszewski.pl\/de\/wp-json\/wp\/v2\/comments?post=515"}],"version-history":[{"count":15,"href":"https:\/\/artjaniszewski.pl\/de\/wp-json\/wp\/v2\/pages\/515\/revisions"}],"predecessor-version":[{"id":9582,"href":"https:\/\/artjaniszewski.pl\/de\/wp-json\/wp\/v2\/pages\/515\/revisions\/9582"}],"wp:attachment":[{"href":"https:\/\/artjaniszewski.pl\/de\/wp-json\/wp\/v2\/media?parent=515"}],"curies":[{"name":"wp","href":"https:\/\/api.w.org\/{rel}","templated":true}]}}