{"id":523,"date":"2016-12-20T14:49:15","date_gmt":"2016-12-20T13:49:15","guid":{"rendered":"http:\/\/artjaniszewski.pl\/de\/realizacje\/"},"modified":"2018-04-12T21:47:47","modified_gmt":"2018-04-12T19:47:47","slug":"realizacje-stanislaw-janiszewski","status":"publish","type":"page","link":"https:\/\/artjaniszewski.pl\/de\/realizacje-stanislaw-janiszewski\/","title":{"rendered":"Realizacje"},"content":{"rendered":"<h6><span style=\"color: #ffffff;\">Stanis\u0142aw Janiszewski &#8211; Artysta Rze\u017abiarz<\/span><\/h6>\n<div id=\"themify_builder_content-523\" data-postid=\"523\" class=\"themify_builder_content themify_builder_content-523 themify_builder themify_builder_front\">\n\n\t\t\t\t<!-- module_row -->\n\t\t\t<div  data-gutter=\"gutter-default\" class=\"themify_builder_row themify_builder_523_row module_row module_row_0 clearfix gutter-default col_align_top\" data-equal-column-height=\"\" data-column-alignment=\"col_align_top\">\n\n\t\t\n\t\t\t\t\n\t\t\t\t<div class=\"row_inner_wrapper\">\n\t\t\t\t\t<div class=\"row_inner\">\n\n\t\t\t\t\t\t\n\t\t\t\t\t\t\n\t\t\t\t\t\t\t\n\t\t<div  class=\"col-full first tb-column  tb_523_column module_column_0 module_column\" >\n\n\t\t\t\n\t\t\t\n\t\t\t<div class=\"tb-column-inner\">\n\n\t\t\t\t\n\t\t\t\t\n\t\t\t\t\t\n<!-- module text -->\n<div id=\"text-523-0-0-1\" class=\"module module-text text-523-0-0-1   \">\n\t\n\t\n\t<h3><span style=\"color: #000000;\">STANIS\u0141AW JANISZEWSKI &#8211; ARTYSTA RZE\u0179BIARZ<\/span><\/h3><p>Poni\u017cej prezentuj\u0119 niewielk\u0105 cz\u0119\u015b\u0107 moich realizacji. Zapraszam do przegl\u0105dania.<\/p>\n\t<\/div>\n<!-- \/module text -->\n\n    <!-- module gallery -->\n    <div id=\"gallery-523-0-0-2\" class=\"module module-gallery gallery-523-0-0-2 gallery gallery-columns-4  layout-grid    \">\n\n        \n        \t<dl class=\"gallery-item\">\n\t\t<dt class=\"gallery-icon\">\n\t\t<a title=\"2\" href=\"https:\/\/artjaniszewski.pl\/wp-content\/uploads\/2016\/12\/2-1.jpg\"><img loading=\"lazy\" decoding=\"async\" src=\"https:\/\/artjaniszewski.pl\/wp-content\/uploads\/2016\/12\/2-1-1024x682.jpg\" width=\"300\" height=\"300\" alt=\"Realizacje\" \/><\/a>\t\t<\/dt>\n\t\t\t\t<dd>\n\t\t\t\t\t\t\t\t<\/dd>\n\t<\/dl>\n\n\t\n\t<dl class=\"gallery-item\">\n\t\t<dt class=\"gallery-icon\">\n\t\t<a title=\"1\" href=\"https:\/\/artjaniszewski.pl\/wp-content\/uploads\/2016\/12\/1-1.jpg\"><img loading=\"lazy\" decoding=\"async\" src=\"https:\/\/artjaniszewski.pl\/wp-content\/uploads\/2016\/12\/1-1-1024x682.jpg\" width=\"300\" height=\"300\" alt=\"Realizacje\" \/><\/a>\t\t<\/dt>\n\t\t\t\t<dd>\n\t\t\t\t\t\t\t\t<\/dd>\n\t<\/dl>\n\n\t\n\t<dl class=\"gallery-item\">\n\t\t<dt class=\"gallery-icon\">\n\t\t<a title=\"3\" href=\"https:\/\/artjaniszewski.pl\/wp-content\/uploads\/2016\/12\/3-1.jpg\"><img loading=\"lazy\" decoding=\"async\" src=\"https:\/\/artjaniszewski.pl\/wp-content\/uploads\/2016\/12\/3-1-1024x682.jpg\" width=\"300\" height=\"300\" alt=\"Realizacje\" \/><\/a>\t\t<\/dt>\n\t\t\t\t<dd>\n\t\t\t\t\t\t\t\t<\/dd>\n\t<\/dl>\n\n\t\n\t<dl class=\"gallery-item\">\n\t\t<dt class=\"gallery-icon\">\n\t\t<a title=\"IMG_9341\" href=\"https:\/\/artjaniszewski.pl\/wp-content\/uploads\/2017\/05\/IMG_9341.jpg\"><img loading=\"lazy\" decoding=\"async\" src=\"https:\/\/artjaniszewski.pl\/wp-content\/uploads\/2017\/05\/IMG_9341-1024x616.jpg\" width=\"300\" height=\"300\" alt=\"Realizacje\" \/><\/a>\t\t<\/dt>\n\t\t\t\t<dd>\n\t\t\t\t\t\t\t\t<\/dd>\n\t<\/dl>\n\n\t\t\t<br style=\"clear: both\" \/>\n\t\n\t<dl class=\"gallery-item\">\n\t\t<dt class=\"gallery-icon\">\n\t\t<a title=\"4\" href=\"https:\/\/artjaniszewski.pl\/wp-content\/uploads\/2016\/12\/4-1.jpg\"><img loading=\"lazy\" decoding=\"async\" src=\"https:\/\/artjaniszewski.pl\/wp-content\/uploads\/2016\/12\/4-1-1024x682.jpg\" width=\"300\" height=\"300\" alt=\"Realizacje\" \/><\/a>\t\t<\/dt>\n\t\t\t\t<dd>\n\t\t\t\t\t\t\t\t<\/dd>\n\t<\/dl>\n\n\t\n\t<dl class=\"gallery-item\">\n\t\t<dt class=\"gallery-icon\">\n\t\t<a title=\"1\" href=\"https:\/\/artjaniszewski.pl\/wp-content\/uploads\/2017\/06\/1.jpg\"><img loading=\"lazy\" decoding=\"async\" src=\"https:\/\/artjaniszewski.pl\/wp-content\/uploads\/2017\/06\/1-1024x553.jpg\" width=\"300\" height=\"300\" alt=\"Realizacje\" \/><\/a>\t\t<\/dt>\n\t\t\t\t<dd>\n\t\t\t\t\t\t\t\t<\/dd>\n\t<\/dl>\n\n\t\n\t<dl class=\"gallery-item\">\n\t\t<dt class=\"gallery-icon\">\n\t\t<a title=\"6\" href=\"https:\/\/artjaniszewski.pl\/wp-content\/uploads\/2016\/12\/6-1.jpg\"><img loading=\"lazy\" decoding=\"async\" src=\"https:\/\/artjaniszewski.pl\/wp-content\/uploads\/2016\/12\/6-1-1024x810.jpg\" width=\"300\" height=\"300\" alt=\"Realizacje\" \/><\/a>\t\t<\/dt>\n\t\t\t\t<dd>\n\t\t\t\t\t\t\t\t<\/dd>\n\t<\/dl>\n\n\t\n\t<dl class=\"gallery-item\">\n\t\t<dt class=\"gallery-icon\">\n\t\t<a title=\"7\" href=\"https:\/\/artjaniszewski.pl\/wp-content\/uploads\/2016\/12\/7-1.jpg\"><img loading=\"lazy\" decoding=\"async\" src=\"https:\/\/artjaniszewski.pl\/wp-content\/uploads\/2016\/12\/7-1-1024x930.jpg\" width=\"300\" height=\"300\" alt=\"Realizacje\" \/><\/a>\t\t<\/dt>\n\t\t\t\t<dd>\n\t\t\t\t\t\t\t\t<\/dd>\n\t<\/dl>\n\n\t\t\t<br style=\"clear: both\" \/>\n\t\n\t<dl class=\"gallery-item\">\n\t\t<dt class=\"gallery-icon\">\n\t\t<a title=\"8\" href=\"https:\/\/artjaniszewski.pl\/wp-content\/uploads\/2016\/12\/8-1.jpg\"><img loading=\"lazy\" decoding=\"async\" src=\"https:\/\/artjaniszewski.pl\/wp-content\/uploads\/2016\/12\/8-1-1024x906.jpg\" width=\"300\" height=\"300\" alt=\"Realizacje\" \/><\/a>\t\t<\/dt>\n\t\t\t\t<dd>\n\t\t\t\t\t\t\t\t<\/dd>\n\t<\/dl>\n\n\t\n\t<dl class=\"gallery-item\">\n\t\t<dt class=\"gallery-icon\">\n\t\t<a title=\"9\" href=\"https:\/\/artjaniszewski.pl\/wp-content\/uploads\/2016\/12\/9-1.jpg\"><img loading=\"lazy\" decoding=\"async\" src=\"https:\/\/artjaniszewski.pl\/wp-content\/uploads\/2016\/12\/9-1-1024x768.jpg\" width=\"300\" height=\"300\" alt=\"Realizacje\" \/><\/a>\t\t<\/dt>\n\t\t\t\t<dd>\n\t\t\t\t\t\t\t\t<\/dd>\n\t<\/dl>\n\n\t\n\t<dl class=\"gallery-item\">\n\t\t<dt class=\"gallery-icon\">\n\t\t<a title=\"10\" href=\"https:\/\/artjaniszewski.pl\/wp-content\/uploads\/2016\/12\/10-1.jpg\"><img loading=\"lazy\" decoding=\"async\" src=\"https:\/\/artjaniszewski.pl\/wp-content\/uploads\/2016\/12\/10-1-1024x574.jpg\" width=\"300\" height=\"300\" alt=\"Realizacje\" \/><\/a>\t\t<\/dt>\n\t\t\t\t<dd>\n\t\t\t\t\t\t\t\t<\/dd>\n\t<\/dl>\n\n\t\n\t<dl class=\"gallery-item\">\n\t\t<dt class=\"gallery-icon\">\n\t\t<a title=\"12\" href=\"https:\/\/artjaniszewski.pl\/wp-content\/uploads\/2016\/12\/12-2.jpg\"><img loading=\"lazy\" decoding=\"async\" src=\"https:\/\/artjaniszewski.pl\/wp-content\/uploads\/2016\/12\/12-2-1024x768.jpg\" width=\"300\" height=\"300\" alt=\"Realizacje\" \/><\/a>\t\t<\/dt>\n\t\t\t\t<dd>\n\t\t\t\t\t\t\t\t<\/dd>\n\t<\/dl>\n\n\t\t\t<br style=\"clear: both\" \/>\n\t\n\t<dl class=\"gallery-item\">\n\t\t<dt class=\"gallery-icon\">\n\t\t<a title=\"13\" href=\"https:\/\/artjaniszewski.pl\/wp-content\/uploads\/2016\/12\/13-1.jpg\"><img loading=\"lazy\" decoding=\"async\" src=\"https:\/\/artjaniszewski.pl\/wp-content\/uploads\/2016\/12\/13-1-1024x682.jpg\" width=\"300\" height=\"300\" alt=\"Realizacje\" \/><\/a>\t\t<\/dt>\n\t\t\t\t<dd>\n\t\t\t\t\t\t\t\t<\/dd>\n\t<\/dl>\n\n\t\n\t<dl class=\"gallery-item\">\n\t\t<dt class=\"gallery-icon\">\n\t\t<a title=\"15\" href=\"https:\/\/artjaniszewski.pl\/wp-content\/uploads\/2016\/12\/15-3.jpg\"><img loading=\"lazy\" decoding=\"async\" src=\"https:\/\/artjaniszewski.pl\/wp-content\/uploads\/2016\/12\/15-3-931x1024.jpg\" width=\"300\" height=\"300\" alt=\"Realizacje\" \/><\/a>\t\t<\/dt>\n\t\t\t\t<dd>\n\t\t\t\t\t\t\t\t<\/dd>\n\t<\/dl>\n\n\t\n\t<dl class=\"gallery-item\">\n\t\t<dt class=\"gallery-icon\">\n\t\t<a title=\"16\" href=\"https:\/\/artjaniszewski.pl\/wp-content\/uploads\/2016\/12\/16-1.jpg\"><img loading=\"lazy\" decoding=\"async\" src=\"https:\/\/artjaniszewski.pl\/wp-content\/uploads\/2016\/12\/16-1-768x1024.jpg\" width=\"300\" height=\"300\" alt=\"Realizacje\" \/><\/a>\t\t<\/dt>\n\t\t\t\t<dd>\n\t\t\t\t\t\t\t\t<\/dd>\n\t<\/dl>\n\n\t\n\t<dl class=\"gallery-item\">\n\t\t<dt class=\"gallery-icon\">\n\t\t<a title=\"17\" href=\"https:\/\/artjaniszewski.pl\/wp-content\/uploads\/2016\/12\/17-1.jpg\"><img loading=\"lazy\" decoding=\"async\" src=\"https:\/\/artjaniszewski.pl\/wp-content\/uploads\/2016\/12\/17-1-546x1024.jpg\" width=\"300\" height=\"300\" alt=\"Realizacje\" \/><\/a>\t\t<\/dt>\n\t\t\t\t<dd>\n\t\t\t\t\t\t\t\t<\/dd>\n\t<\/dl>\n\n\t\t\t<br style=\"clear: both\" \/>\n\t\n<br style=\"clear: both\" \/>\n\t<div class=\"builder_gallery_nav\" data->\n\t\t<span aria-current=\"page\" class=\"page-numbers current\">1<\/span>\n<a class=\"page-numbers\" href=\"https:\/\/artjaniszewski.pl\/de\/wp-json\/wp\/v2\/pages\/523\/page\/2\/\">2<\/a>\n<a class=\"page-numbers\" href=\"https:\/\/artjaniszewski.pl\/de\/wp-json\/wp\/v2\/pages\/523\/page\/3\/\">3<\/a>\n<span class=\"page-numbers dots\">&hellip;<\/span>\n<a class=\"page-numbers\" href=\"https:\/\/artjaniszewski.pl\/de\/wp-json\/wp\/v2\/pages\/523\/page\/9\/\">9<\/a>\n<a class=\"next page-numbers\" href=\"https:\/\/artjaniszewski.pl\/de\/wp-json\/wp\/v2\/pages\/523\/page\/2\/\">Next &raquo;<\/a>\t<\/div>\n\n    <\/div>\n    <!-- \/module gallery -->\n\n\n\t\t\t\t\n\t\t\t<\/div><!-- \/.tb-column-inner -->\n\t\t\t\t\t<\/div>\n\t\t<!-- \/.tb-column -->\n\t\t\n\t\t\n\t\t\t\t\t\t\t\t\n\t\t\t\t\t\t\t\t\n\t\t\t\t\t\t\t\n\t\t\t\t\t\t<\/div>\n\t\t\t\t\t\t<!-- \/row_inner -->\n\t\t\t\t\t<\/div>\n\t\t\t\t\t<!-- \/row_inner_wrapper -->\n\t\t\t\t<\/div>\n\t\t\t\t<!-- \/module_row -->\n\t\t<\/div>\n<!-- \/themify_builder_content -->","protected":false},"excerpt":{"rendered":"<p>Stanis\u0142aw Janiszewski &#8211; Artysta Rze\u017abiarz<\/p>\n","protected":false},"author":1,"featured_media":0,"parent":0,"menu_order":0,"comment_status":"closed","ping_status":"closed","template":"","meta":{"footnotes":""},"class_list":["post-523","page","type-page","status-publish","hentry","has-post-title","has-post-date","has-post-category","has-post-tag","has-post-comment","has-post-author"],"_links":{"self":[{"href":"https:\/\/artjaniszewski.pl\/de\/wp-json\/wp\/v2\/pages\/523","targetHints":{"allow":["GET"]}}],"collection":[{"href":"https:\/\/artjaniszewski.pl\/de\/wp-json\/wp\/v2\/pages"}],"about":[{"href":"https:\/\/artjaniszewski.pl\/de\/wp-json\/wp\/v2\/types\/page"}],"author":[{"embeddable":true,"href":"https:\/\/artjaniszewski.pl\/de\/wp-json\/wp\/v2\/users\/1"}],"replies":[{"embeddable":true,"href":"https:\/\/artjaniszewski.pl\/de\/wp-json\/wp\/v2\/comments?post=523"}],"version-history":[{"count":24,"href":"https:\/\/artjaniszewski.pl\/de\/wp-json\/wp\/v2\/pages\/523\/revisions"}],"predecessor-version":[{"id":11971,"href":"https:\/\/artjaniszewski.pl\/de\/wp-json\/wp\/v2\/pages\/523\/revisions\/11971"}],"wp:attachment":[{"href":"https:\/\/artjaniszewski.pl\/de\/wp-json\/wp\/v2\/media?parent=523"}],"curies":[{"name":"wp","href":"https:\/\/api.w.org\/{rel}","templated":true}]}}