{"id":531,"date":"2016-12-20T09:33:50","date_gmt":"2016-12-20T08:33:50","guid":{"rendered":"http:\/\/artjaniszewski.pl\/de\/sklep\/"},"modified":"2025-01-05T20:03:11","modified_gmt":"2025-01-05T19:03:11","slug":"sklep-stanislaw-janiszewski","status":"publish","type":"page","link":"https:\/\/artjaniszewski.pl\/de\/sklep-stanislaw-janiszewski\/","title":{"rendered":"Gallerie"},"content":{"rendered":"<h6><span style=\"color: #ffffff;\">Sklep z Dzie\u0142ami Sztuki, Lampy witra\u017cowe, Witra\u017ce, Odlewy, Statuetki, Pomniki, Rze\u017aby, Renowacja i Rekonstrukcja Antyk\u00f3w, \u017byrandole, \u015awieczniki, Dzie\u0142a Sakralne, Tablice, Modele, Plafony, Kinkiety, Lampy stoj\u0105ce, Lampy wisz\u0105ce, Patery, Meble, Srebra, Szachy, Zegary, Lustra<\/span><\/h6>\n<div class=\"woocommerce columns-4\"><ul class=\"products\">\n<li class=\"product-category product first\">\n\t<a href=\"https:\/\/artjaniszewski.pl\/de\/produkt-kategorie\/wyroby-sakralne-i-koscielne-de\/\"><img loading=\"lazy\" decoding=\"async\" src=\"https:\/\/artjaniszewski.pl\/wp-content\/uploads\/2016\/12\/IMG_2561-1024-1-300x300.jpg\" alt=\"Dzie\u0142a sakralne i ko\u015bcielne\" width=\"300\" height=\"300\" \/>\t\t<h3>\n\t\t\tDzie\u0142a sakralne i ko\u015bcielne <mark class=\"count\">(52)<\/mark>\t\t<\/h3>\n\t\t<\/a><\/li>\n<li class=\"product-category product\">\n\t<a href=\"https:\/\/artjaniszewski.pl\/de\/produkt-kategorie\/figury-i-rzezby-de\/\"><img loading=\"lazy\" decoding=\"async\" src=\"https:\/\/artjaniszewski.pl\/wp-content\/uploads\/2016\/12\/IMG_0541-kopia-e1482485111475.jpg\" alt=\"Figury i Rze\u017aby\" width=\"300\" height=\"300\" \/>\t\t<h3>\n\t\t\tFigury i Rze\u017aby <mark class=\"count\">(31)<\/mark>\t\t<\/h3>\n\t\t<\/a><\/li>\n<li class=\"product-category product\">\n\t<a href=\"https:\/\/artjaniszewski.pl\/de\/produkt-kategorie\/lampy-stojace-de\/\"><img loading=\"lazy\" decoding=\"async\" src=\"https:\/\/artjaniszewski.pl\/wp-content\/uploads\/2016\/12\/IMG_1403-1024-300x300.jpg\" alt=\"Lampy stoj\u0105ce\" width=\"300\" height=\"300\" \/>\t\t<h3>\n\t\t\tLampy stoj\u0105ce <mark class=\"count\">(34)<\/mark>\t\t<\/h3>\n\t\t<\/a><\/li>\n<li class=\"product-category product last\">\n\t<a href=\"https:\/\/artjaniszewski.pl\/de\/produkt-kategorie\/kinkiety-i-plafony-de\/\"><img loading=\"lazy\" decoding=\"async\" src=\"https:\/\/artjaniszewski.pl\/wp-content\/uploads\/2016\/12\/IMG_0536popr_1-1024-300x300.jpg\" alt=\"Kinkiety i Plafony\" width=\"300\" height=\"300\" \/>\t\t<h3>\n\t\t\tKinkiety i Plafony <mark class=\"count\">(12)<\/mark>\t\t<\/h3>\n\t\t<\/a><\/li>\n<li class=\"product-category product first\">\n\t<a href=\"https:\/\/artjaniszewski.pl\/de\/produkt-kategorie\/lampy-wiszace-i-zyrandole-de\/\"><img loading=\"lazy\" decoding=\"async\" src=\"https:\/\/artjaniszewski.pl\/wp-content\/uploads\/2017\/04\/IMG_9328-1024-300x300.jpg\" alt=\"Lampy wisz\u0105ce i \u017byrandole\" width=\"300\" height=\"300\" \/>\t\t<h3>\n\t\t\tLampy wisz\u0105ce i \u017byrandole <mark class=\"count\">(16)<\/mark>\t\t<\/h3>\n\t\t<\/a><\/li>\n<li class=\"product-category product\">\n\t<a href=\"https:\/\/artjaniszewski.pl\/de\/produkt-kategorie\/swieczniki-de\/\"><img loading=\"lazy\" decoding=\"async\" src=\"https:\/\/artjaniszewski.pl\/wp-content\/uploads\/2016\/12\/IMG_1102-kopia-1024-300x300.jpg\" alt=\"\u015awieczniki\" width=\"300\" height=\"300\" \/>\t\t<h3>\n\t\t\t\u015awieczniki <mark class=\"count\">(12)<\/mark>\t\t<\/h3>\n\t\t<\/a><\/li>\n<li class=\"product-category product\">\n\t<a href=\"https:\/\/artjaniszewski.pl\/de\/produkt-kategorie\/meble-de\/\"><img loading=\"lazy\" decoding=\"async\" src=\"https:\/\/artjaniszewski.pl\/wp-content\/uploads\/2017\/02\/IMG_9304-1024-300x300.jpg\" alt=\"Meble\" width=\"300\" height=\"300\" \/>\t\t<h3>\n\t\t\tMeble <mark class=\"count\">(7)<\/mark>\t\t<\/h3>\n\t\t<\/a><\/li>\n<li class=\"product-category product last\">\n\t<a href=\"https:\/\/artjaniszewski.pl\/de\/produkt-kategorie\/statuetki-de\/\"><img loading=\"lazy\" decoding=\"async\" src=\"https:\/\/artjaniszewski.pl\/wp-content\/uploads\/2017\/07\/IMG_9341-PRZYCI\u0118TE-1024-300x300.jpg\" alt=\"Statuetki\" width=\"300\" height=\"300\" \/>\t\t<h3>\n\t\t\tStatuetki <mark class=\"count\">(24)<\/mark>\t\t<\/h3>\n\t\t<\/a><\/li>\n<li class=\"product-category product first\">\n\t<a href=\"https:\/\/artjaniszewski.pl\/de\/produkt-kategorie\/patery-cukiernice-srebra-de\/\"><img loading=\"lazy\" decoding=\"async\" src=\"https:\/\/artjaniszewski.pl\/wp-content\/uploads\/2017\/01\/Finezja-1024-300x300.jpg\" alt=\"Koszyki i Patery\" width=\"300\" height=\"300\" \/>\t\t<h3>\n\t\t\tKoszyki i Patery <mark class=\"count\">(8)<\/mark>\t\t<\/h3>\n\t\t<\/a><\/li>\n<li class=\"product-category product\">\n\t<a href=\"https:\/\/artjaniszewski.pl\/de\/produkt-kategorie\/szachy-i-zegary-de\/\"><img loading=\"lazy\" decoding=\"async\" src=\"https:\/\/artjaniszewski.pl\/wp-content\/uploads\/2016\/12\/IMG_2915-1024-300x300.jpg\" alt=\"Szachy i Zegary\" width=\"300\" height=\"300\" \/>\t\t<h3>\n\t\t\tSzachy i Zegary <mark class=\"count\">(4)<\/mark>\t\t<\/h3>\n\t\t<\/a><\/li>\n<li class=\"product-category product\">\n\t<a href=\"https:\/\/artjaniszewski.pl\/de\/produkt-kategorie\/broszki-i-srebra-de\/\"><img loading=\"lazy\" decoding=\"async\" src=\"https:\/\/artjaniszewski.pl\/wp-content\/uploads\/2018\/02\/\u0141ab\u0105d\u017a-1-1024-wyczyszczony-300x300.jpg\" alt=\"Broszki i Srebra\" width=\"300\" height=\"300\" \/>\t\t<h3>\n\t\t\tBroszki i Srebra <mark class=\"count\">(17)<\/mark>\t\t<\/h3>\n\t\t<\/a><\/li>\n<li class=\"product-category product last\">\n\t<a href=\"https:\/\/artjaniszewski.pl\/de\/produkt-kategorie\/dziela-patriotyczne-de\/\"><img loading=\"lazy\" decoding=\"async\" src=\"https:\/\/artjaniszewski.pl\/wp-content\/uploads\/2016\/12\/1111-1024-300x300.jpg\" alt=\"Dzie\u0142a patriotyczne\" width=\"300\" height=\"300\" \/>\t\t<h3>\n\t\t\tDzie\u0142a patriotyczne <mark class=\"count\">(5)<\/mark>\t\t<\/h3>\n\t\t<\/a><\/li>\n<li class=\"product-category product first\">\n\t<a href=\"https:\/\/artjaniszewski.pl\/de\/produkt-kategorie\/pozostale-de-2\/\"><img loading=\"lazy\" decoding=\"async\" src=\"https:\/\/artjaniszewski.pl\/wp-content\/uploads\/2016\/12\/IMG_2886-kopia-1024-300x300.jpg\" alt=\"Barometry, Lustra i Pozosta\u0142e dzie\u0142a\" width=\"300\" height=\"300\" \/>\t\t<h3>\n\t\t\tBarometry, Lustra i Pozosta\u0142e dzie\u0142a <mark class=\"count\">(8)<\/mark>\t\t<\/h3>\n\t\t<\/a><\/li>\n<li class=\"product-category product\">\n\t<a href=\"https:\/\/artjaniszewski.pl\/de\/produkt-kategorie\/zawieszki-witrazowe-de\/\"><img loading=\"lazy\" decoding=\"async\" src=\"https:\/\/artjaniszewski.pl\/wp-content\/uploads\/2017\/01\/DSC04977-1024-WYCZYSZCZONY-300x300.jpg\" alt=\"Kafelki ozdobne, Zawieszki i Witra\u017ce\" width=\"300\" height=\"300\" \/>\t\t<h3>\n\t\t\tKafelki ozdobne, Zawieszki i Witra\u017ce <mark class=\"count\">(16)<\/mark>\t\t<\/h3>\n\t\t<\/a><\/li>\n<li class=\"product-category product\">\n\t<a href=\"https:\/\/artjaniszewski.pl\/de\/produkt-kategorie\/podstawy-de\/\"><img loading=\"lazy\" decoding=\"async\" src=\"https:\/\/artjaniszewski.pl\/wp-content\/uploads\/2017\/01\/IMG_9275-kopia-1024-300x300.jpg\" alt=\"Podstawy\" width=\"300\" height=\"300\" \/>\t\t<h3>\n\t\t\tPodstawy <mark class=\"count\">(15)<\/mark>\t\t<\/h3>\n\t\t<\/a><\/li>\n<li class=\"product-category product last\">\n\t<a href=\"https:\/\/artjaniszewski.pl\/de\/produkt-kategorie\/polecane-de\/\"><img loading=\"lazy\" decoding=\"async\" src=\"https:\/\/artjaniszewski.pl\/wp-content\/uploads\/2017\/01\/IMG_2462-1024-1-300x300.jpg\" alt=\"Polecane\" width=\"300\" height=\"300\" \/>\t\t<h3>\n\t\t\tPolecane <mark class=\"count\">(4)<\/mark>\t\t<\/h3>\n\t\t<\/a><\/li>\n<\/ul>\n<\/div>\n<div id=\"themify_builder_content-531\" data-postid=\"531\" class=\"themify_builder_content themify_builder_content-531 themify_builder themify_builder_front\">\n\n\t<\/div>\n<!-- \/themify_builder_content -->","protected":false},"excerpt":{"rendered":"<p>Sklep z Dzie\u0142ami Sztuki, Lampy witra\u017cowe, Witra\u017ce, Odlewy, Statuetki, Pomniki, Rze\u017aby, Renowacja i Rekonstrukcja Antyk\u00f3w, \u017byrandole, \u015awieczniki, Dzie\u0142a Sakralne, Tablice, Modele, Plafony, Kinkiety, Lampy stoj\u0105ce, Lampy wisz\u0105ce, Patery, Meble, Srebra, Szachy, Zegary, Lustra<\/p>\n","protected":false},"author":1,"featured_media":0,"parent":0,"menu_order":0,"comment_status":"closed","ping_status":"closed","template":"","meta":{"footnotes":""},"class_list":["post-531","page","type-page","status-publish","hentry","has-post-title","has-post-date","has-post-category","has-post-tag","has-post-comment","has-post-author"],"_links":{"self":[{"href":"https:\/\/artjaniszewski.pl\/de\/wp-json\/wp\/v2\/pages\/531","targetHints":{"allow":["GET"]}}],"collection":[{"href":"https:\/\/artjaniszewski.pl\/de\/wp-json\/wp\/v2\/pages"}],"about":[{"href":"https:\/\/artjaniszewski.pl\/de\/wp-json\/wp\/v2\/types\/page"}],"author":[{"embeddable":true,"href":"https:\/\/artjaniszewski.pl\/de\/wp-json\/wp\/v2\/users\/1"}],"replies":[{"embeddable":true,"href":"https:\/\/artjaniszewski.pl\/de\/wp-json\/wp\/v2\/comments?post=531"}],"version-history":[{"count":25,"href":"https:\/\/artjaniszewski.pl\/de\/wp-json\/wp\/v2\/pages\/531\/revisions"}],"predecessor-version":[{"id":12250,"href":"https:\/\/artjaniszewski.pl\/de\/wp-json\/wp\/v2\/pages\/531\/revisions\/12250"}],"wp:attachment":[{"href":"https:\/\/artjaniszewski.pl\/de\/wp-json\/wp\/v2\/media?parent=531"}],"curies":[{"name":"wp","href":"https:\/\/api.w.org\/{rel}","templated":true}]}}