{"id":621,"date":"2016-12-22T16:16:43","date_gmt":"2016-12-22T15:16:43","guid":{"rendered":"http:\/\/artjaniszewski.pl\/en\/kontakt\/"},"modified":"2024-09-26T18:03:51","modified_gmt":"2024-09-26T16:03:51","slug":"kontakt-lampy-witrazowe-odlewy","status":"publish","type":"page","link":"https:\/\/artjaniszewski.pl\/en\/kontakt-lampy-witrazowe-odlewy\/","title":{"rendered":"Kontakt"},"content":{"rendered":"<h6><span style=\"color: #ffffff;\">lampy witra\u017cowe, witra\u017ce, statuetki, pomniki, rze\u017aby, odlewy, renowacja i rekonstrukcja Antyk\u00f3w, \u017byrandole \u015awieczniki, Dzie\u0142a Sakralne, Tablice, Modele, Odlewy precyzyjne<\/span><\/h6>\n<div id=\"themify_builder_content-621\" data-postid=\"621\" class=\"themify_builder_content themify_builder_content-621 themify_builder themify_builder_front\">\n\n\t<\/div>\n<!-- \/themify_builder_content -->","protected":false},"excerpt":{"rendered":"<p>lampy witra\u017cowe, witra\u017ce, statuetki, pomniki, rze\u017aby, odlewy, renowacja i rekonstrukcja Antyk\u00f3w, \u017byrandole \u015awieczniki, Dzie\u0142a Sakralne, Tablice, Modele, Odlewy precyzyjne<\/p>\n","protected":false},"author":1,"featured_media":0,"parent":0,"menu_order":0,"comment_status":"closed","ping_status":"closed","template":"","meta":{"footnotes":""},"class_list":["post-621","page","type-page","status-publish","hentry","has-post-title","has-post-date","has-post-category","has-post-tag","has-post-comment","has-post-author"],"_links":{"self":[{"href":"https:\/\/artjaniszewski.pl\/en\/wp-json\/wp\/v2\/pages\/621","targetHints":{"allow":["GET"]}}],"collection":[{"href":"https:\/\/artjaniszewski.pl\/en\/wp-json\/wp\/v2\/pages"}],"about":[{"href":"https:\/\/artjaniszewski.pl\/en\/wp-json\/wp\/v2\/types\/page"}],"author":[{"embeddable":true,"href":"https:\/\/artjaniszewski.pl\/en\/wp-json\/wp\/v2\/users\/1"}],"replies":[{"embeddable":true,"href":"https:\/\/artjaniszewski.pl\/en\/wp-json\/wp\/v2\/comments?post=621"}],"version-history":[{"count":20,"href":"https:\/\/artjaniszewski.pl\/en\/wp-json\/wp\/v2\/pages\/621\/revisions"}],"predecessor-version":[{"id":12232,"href":"https:\/\/artjaniszewski.pl\/en\/wp-json\/wp\/v2\/pages\/621\/revisions\/12232"}],"wp:attachment":[{"href":"https:\/\/artjaniszewski.pl\/en\/wp-json\/wp\/v2\/media?parent=621"}],"curies":[{"name":"wp","href":"https:\/\/api.w.org\/{rel}","templated":true}]}}