{"id":506,"date":"2016-11-29T14:27:08","date_gmt":"2016-11-29T13:27:08","guid":{"rendered":"http:\/\/artjaniszewski.pl\/fr\/strona-glowna\/"},"modified":"2023-05-08T16:12:12","modified_gmt":"2023-05-08T14:12:12","slug":"artysta-rzezbiarz-stanislaw-janiszewski","status":"publish","type":"page","link":"https:\/\/artjaniszewski.pl\/fr\/","title":{"rendered":"Accueil"},"content":{"rendered":"<h6><span style=\"color: #000000;\">\u00a0<span style=\"color: #ffffff;\">Renowacja Antyk\u00f3w<\/span><\/span><\/h6>\n<div id=\"themify_builder_content-506\" data-postid=\"506\" class=\"themify_builder_content themify_builder_content-506 themify_builder themify_builder_front\">\n\n\t\t\t\t<!-- module_row -->\n\t\t\t<div  data-gutter=\"gutter-default\" class=\"themify_builder_row themify_builder_506_row module_row module_row_0 clearfix gutter-default col_align_top wow fadeIn fullwidth animation_effect_delay_0,01\" data-equal-column-height=\"\" data-column-alignment=\"col_align_top\">\n\n\t\t\n\t\t\t\t\n\t\t\t\t<div class=\"row_inner_wrapper\">\n\t\t\t\t\t<div class=\"row_inner\">\n\n\t\t\t\t\t\t\n\t\t\t\t\t\t\n\t\t\t\t\t\t\t\n\t\t<div  class=\"col-full first tb-column  tb_506_column module_column_0 module_column\" >\n\n\t\t\t\n\t\t\t\n\t\t\t<div class=\"tb-column-inner\">\n\n\t\t\t\t\n\t\t\t\t\n\t\t\t\t\t\n<!-- module text -->\n<div id=\"text-506-0-0-1\" class=\"module module-text text-506-0-0-1   \">\n\t\n\t\n\t\n\t<\/div>\n<!-- \/module text -->\n\n\t\t\t\t\n\t\t\t<\/div><!-- \/.tb-column-inner -->\n\t\t\t\t\t<\/div>\n\t\t<!-- \/.tb-column -->\n\t\t\n\t\t\n\t\t\t\t\t\t\t\t\n\t\t\t\t\t\t\t\t\n\t\t\t\t\t\t\t\n\t\t\t\t\t\t<\/div>\n\t\t\t\t\t\t<!-- \/row_inner -->\n\t\t\t\t\t<\/div>\n\t\t\t\t\t<!-- \/row_inner_wrapper -->\n\t\t\t\t<\/div>\n\t\t\t\t<!-- \/module_row -->\n\t\t\t\t\t<!-- module_row -->\n\t\t\t<div  data-gutter=\"gutter-default\" class=\"themify_builder_row themify_builder_506_row module_row module_row_1 clearfix gutter-default col_align_top\" data-equal-column-height=\"\" data-column-alignment=\"col_align_top\">\n\n\t\t\n\t\t\t\t\n\t\t\t\t<div class=\"row_inner_wrapper\">\n\t\t\t\t\t<div class=\"row_inner\">\n\n\t\t\t\t\t\t\n\t\t\t\t\t\t\n\t\t\t\t\t\t\t\n\t\t<div  class=\"col-full first tb-column  tb_506_column module_column_0 module_column\" >\n\n\t\t\t\n\t\t\t\n\t\t\t<div class=\"tb-column-inner\">\n\n\t\t\t\t\n\t\t\t\t\n\t\t\t\t\t\n<!-- module text -->\n<div id=\"text-506-1-0-1\" class=\"module module-text text-506-1-0-1   \">\n\t\n\t\n\t<h2>L\u2019atelier artistique de moulage en fonderie et vitrail\u00a0En d\u00e9clin<\/h2>\n\t<\/div>\n<!-- \/module text -->\n<div class=\"themify_builder_sub_row clearfix gutter-default  col_align_middle sub_row_1-0-2\"  >\n\t\t\n\t\t<div  class=\"col4-2 first sub_column sub_column_1-0-2-0 sub_column_post_506\" >\n\t\t\n\t\t\n\t\t\t\t\t\n<!-- module text -->\n<div id=\"text-506-sub_row_1-0-2-0-0\" class=\"module module-text text-506-sub_row_1-0-2-0-0   \">\n\t\n\t\n\t<h6><span style=\"color: #ffffff;\">renowacja antyk\u00f3w<\/span><\/h6><p>L\u2019atelier a \u00e9t\u00e9 fond\u00e9 en <strong>1979<\/strong>, mais la connaissance de la sculpture en m\u00e9tal a \u00e9t\u00e9 pass\u00e9e depuis <strong>plusieurs g<\/strong><strong>\u00e9<\/strong><strong>n<\/strong><strong>\u00e9<\/strong><strong>rations<\/strong>. Je suis artiste sculpteur, je poss\u00e8de le titre du <em>Ma<\/em><em>\u00ee<\/em><em>tre d\u2019Artisanat<\/em> (<em>Mistrz Rzemios\u0142 Artystycznych)<\/em>\u00a0attribu\u00e9 par le Ministre de la Culture et de l\u2019Art, le professeur Krawczuk.<\/p><p>Je <strong>con<\/strong><strong>\u00e7<\/strong><strong>ois et exerce<\/strong> mes \u0153uvres moi-m\u00eame. Je <strong>signe<\/strong> toutes mes \u0153uvres. Je sculpte des <em>mod<\/em><em>\u00e8<\/em><em>les<\/em>, j\u2019exerce des <em>formes<\/em> ainsi que des <strong>moulages pr\u00e9cis<\/strong> en <em>argent, laiton et aluminium<\/em>, je <strong>cis\u00e8le<\/strong> et <strong>patine<\/strong>.<\/p><p>Mes \u0153uvres ainsi que des mat\u00e9riaux utilis\u00e9s sont toujours de la <strong>meilleure qualit<\/strong><strong>\u00e9<\/strong> et poss\u00e8dent une <em>certification<\/em>. Le m\u00e9tal est fabriqu\u00e9 selon ma recette \u00e9labor\u00e9e au cours de presque <strong>40 ans<\/strong> afin de mettre l\u2019accent sur la <em>pur<\/em><em>et\u00e9<\/em> et la <em>noblesse<\/em> du mat\u00e9riel. <\/p>\n\t<\/div>\n<!-- \/module text -->\n\n\t\t\t\t\t<\/div><!-- \/sub_column --><div  class=\"col4-2 last sub_column sub_column_1-0-2-1 sub_column_post_506\" >\n\t\t\n\t\t\n\t\t\t\t\t\n<!-- module text -->\n<div id=\"text-506-sub_row_1-0-2-1-0\" class=\"module module-text text-506-sub_row_1-0-2-1-0   \">\n\t\n\t\n\t<iframe loading=\"lazy\" src=\"http:\/\/www.trojmiasto.pl\/video\/embed\/15660\" width=\"600\" height=\"320\" frameborder=\"0\" allowfullscreen=\"allowfullscreen\"><\/iframe>\n\t<\/div>\n<!-- \/module text -->\n\n\t\t\t\t\t<\/div><!-- \/sub_column --><\/div><!-- \/themify_builder_sub_row -->\n    <!-- module buttons -->\n    <div  id=\"buttons-506-1-0-3\" class=\"module module-buttons buttons-506-1-0-3  \">\n\n        \n        \n        <div class=\"module-buttons normal squared\">\n                            <div class=\"module-buttons-item\">\n                                            <a class=\"ui builder_button default\"  href=\"http:\/\/artjaniszewski.pl\/fr\/about-us\/\">                                                                        <i class=\"fa fa-mail-forward\"><\/i>\n                                                <span>lire la suite<\/span>\n                                            <\/a>\n                                    <\/div>\n                    <\/div>\n\n        \n    <\/div>\n    <!-- \/module buttons -->\n\n\n\t\t\t\t\n\t\t\t<\/div><!-- \/.tb-column-inner -->\n\t\t\t\t\t<\/div>\n\t\t<!-- \/.tb-column -->\n\t\t\n\t\t\n\t\t\t\t\t\t\t\t\n\t\t\t\t\t\t\t\t\n\t\t\t\t\t\t\t\n\t\t\t\t\t\t<\/div>\n\t\t\t\t\t\t<!-- \/row_inner -->\n\t\t\t\t\t<\/div>\n\t\t\t\t\t<!-- \/row_inner_wrapper -->\n\t\t\t\t<\/div>\n\t\t\t\t<!-- \/module_row -->\n\t\t\t\t\t<!-- module_row -->\n\t\t\t<div  data-gutter=\"gutter-default\" class=\"themify_builder_row themify_builder_506_row module_row module_row_2 clearfix gutter-default col_align_top builder-parallax-scrolling bg-position-center-center\" data-equal-column-height=\"\" data-column-alignment=\"col_align_top\">\n\n\t\t\n\t\t\t\t\t\t\n\t\t<div class=\"builder_row_cover\"  data-type=\"color\" data-hover-type=\"color\" data-hover-color=\"rgba(0,0,0, 0.34)\" data-updated=\"1\"><\/div>\n\n\t\t\n\t\t\t\t<div class=\"row_inner_wrapper\">\n\t\t\t\t\t<div class=\"row_inner\">\n\n\t\t\t\t\t\t\n\t\t\t\t\t\t\n\t\t\t\t\t\t\t\n\t\t<div  class=\"col-full first tb-column  tb_506_column module_column_0 module_column\" >\n\n\t\t\t\n\t\t\t\n\t\t\t<div class=\"tb-column-inner\">\n\n\t\t\t\t\n\t\t\t\t\n\t\t\t\t\t\n<!-- module text -->\n<div id=\"text-506-2-0-1\" class=\"module module-text text-506-2-0-1   \">\n\t\n\t\n\t<h2 style=\"text-align: center;\"><span style=\"color: #ffffff;\">&#8220;L&#8217;artiste est une source de travail. Le travail est la source de l&#8217;artiste.&#8221;<\/span><\/h2>\n<h3 style=\"text-align: center;\"><span style=\"color: #ffffff;\">~Martin Heidegger<\/span><\/h3>\n\n\t<\/div>\n<!-- \/module text -->\n\n\t\t\t\t\n\t\t\t<\/div><!-- \/.tb-column-inner -->\n\t\t\t\t\t<\/div>\n\t\t<!-- \/.tb-column -->\n\t\t\n\t\t\n\t\t\t\t\t\t\t\t\n\t\t\t\t\t\t\t\t\n\t\t\t\t\t\t\t\n\t\t\t\t\t\t<\/div>\n\t\t\t\t\t\t<!-- \/row_inner -->\n\t\t\t\t\t<\/div>\n\t\t\t\t\t<!-- \/row_inner_wrapper -->\n\t\t\t\t<\/div>\n\t\t\t\t<!-- \/module_row -->\n\t\t\t\t\t<!-- module_row -->\n\t\t\t<div  data-gutter=\"gutter-default\" class=\"themify_builder_row themify_builder_506_row module_row module_row_3 clearfix gutter-default col_align_top\" data-equal-column-height=\"\" data-column-alignment=\"col_align_top\">\n\n\t\t\n\t\t\t\t\n\t\t\t\t<div class=\"row_inner_wrapper\">\n\t\t\t\t\t<div class=\"row_inner\">\n\n\t\t\t\t\t\t\n\t\t\t\t\t\t\n\t\t\t\t\t\t\t\n\t\t<div  class=\"col-full first tb-column  tb_506_column module_column_0 module_column\" >\n\n\t\t\t\n\t\t\t\n\t\t\t<div class=\"tb-column-inner\">\n\n\t\t\t\t\n\t\t\t\t\n\t\t\t\t\t\n\n<!-- module products -->\n<div id=\"products-506-3-0-1\" class=\"module module-products products-506-3-0-1 \">\n\t<div class=\"woocommerce\">\n\n\t\t\n\t\t\n\t\t\n\t\t\n\t\t\t<\/div><!-- .woocommerce -->\n<\/div>\n<!-- \/module products -->\n\n\t\t\t\t\n\t\t\t<\/div><!-- \/.tb-column-inner -->\n\t\t\t\t\t<\/div>\n\t\t<!-- \/.tb-column -->\n\t\t\n\t\t\n\t\t\t\t\t\t\t\t\n\t\t\t\t\t\t\t\t\n\t\t\t\t\t\t\t\n\t\t\t\t\t\t<\/div>\n\t\t\t\t\t\t<!-- \/row_inner -->\n\t\t\t\t\t<\/div>\n\t\t\t\t\t<!-- \/row_inner_wrapper -->\n\t\t\t\t<\/div>\n\t\t\t\t<!-- \/module_row -->\n\t\t<\/div>\n<!-- \/themify_builder_content -->","protected":false},"excerpt":{"rendered":"<p>\u00a0Renowacja Antyk\u00f3w<\/p>\n","protected":false},"author":1,"featured_media":0,"parent":0,"menu_order":0,"comment_status":"closed","ping_status":"closed","template":"","meta":{"footnotes":""},"class_list":["post-506","page","type-page","status-publish","hentry","has-post-title","has-post-date","has-post-category","has-post-tag","has-post-comment","has-post-author"],"_links":{"self":[{"href":"https:\/\/artjaniszewski.pl\/fr\/wp-json\/wp\/v2\/pages\/506","targetHints":{"allow":["GET"]}}],"collection":[{"href":"https:\/\/artjaniszewski.pl\/fr\/wp-json\/wp\/v2\/pages"}],"about":[{"href":"https:\/\/artjaniszewski.pl\/fr\/wp-json\/wp\/v2\/types\/page"}],"author":[{"embeddable":true,"href":"https:\/\/artjaniszewski.pl\/fr\/wp-json\/wp\/v2\/users\/1"}],"replies":[{"embeddable":true,"href":"https:\/\/artjaniszewski.pl\/fr\/wp-json\/wp\/v2\/comments?post=506"}],"version-history":[{"count":26,"href":"https:\/\/artjaniszewski.pl\/fr\/wp-json\/wp\/v2\/pages\/506\/revisions"}],"predecessor-version":[{"id":12218,"href":"https:\/\/artjaniszewski.pl\/fr\/wp-json\/wp\/v2\/pages\/506\/revisions\/12218"}],"wp:attachment":[{"href":"https:\/\/artjaniszewski.pl\/fr\/wp-json\/wp\/v2\/media?parent=506"}],"curies":[{"name":"wp","href":"https:\/\/api.w.org\/{rel}","templated":true}]}}