{"id":643,"date":"2016-12-20T11:16:20","date_gmt":"2016-12-20T10:16:20","guid":{"rendered":"http:\/\/artjaniszewski.pl\/fr\/about-us\/"},"modified":"2023-05-08T16:06:15","modified_gmt":"2023-05-08T14:06:15","slug":"about-us","status":"publish","type":"page","link":"https:\/\/artjaniszewski.pl\/fr\/about-us\/","title":{"rendered":"A propos de l\u2019atelier"},"content":{"rendered":"<div id=\"themify_builder_content-643\" data-postid=\"643\" class=\"themify_builder_content themify_builder_content-643 themify_builder themify_builder_front\">\n\n\t\t\t\t<!-- module_row -->\n\t\t\t<div  data-gutter=\"gutter-default\" class=\"themify_builder_row themify_builder_643_row module_row module_row_0 clearfix gutter-default col_align_middle\" data-equal-column-height=\"\" data-column-alignment=\"col_align_middle\">\n\n\t\t\n\t\t\t\t\n\t\t\t\t<div class=\"row_inner_wrapper\">\n\t\t\t\t\t<div class=\"row_inner\">\n\n\t\t\t\t\t\t\n\t\t\t\t\t\t\n\t\t\t\t\t\t\t\n\t\t<div  class=\"col3-2 first tb-column  tb_643_column module_column_0 module_column\" >\n\n\t\t\t\n\t\t\t\n\t\t\t<div class=\"tb-column-inner\">\n\n\t\t\t\t\n\t\t\t\t\n\t\t\t\t\t\n<!-- module text -->\n<div id=\"text-643-0-0-1\" class=\"module module-text text-643-0-0-1   wow fadeInLeft\">\n\t\n\t\n\t<h3>STANIS\u0141AW JANISZEWSKI &#8211; ARTISTE SCULPTEUR<\/h3><p>N\u00e9 en ao\u00fbt 1940 &#8211; <strong>D\u00e9c\u00e9d\u00e9<\/strong> en avril 2023.<\/p><p>L\u2019atelier a \u00e9t\u00e9 fond\u00e9 en <strong>1979<\/strong>, mais la connaissance de la sculpture en m\u00e9tal a \u00e9t\u00e9 pass\u00e9e depuis <strong>plusieurs g<\/strong><strong>\u00e9<\/strong><strong>n<\/strong><strong>\u00e9<\/strong><strong>rations<\/strong>. Je suis artiste sculpteur, je poss\u00e8de le titre du <em>Ma<\/em><em>\u00ee<\/em><em>tre d\u2019Artisanat<\/em> (<em>Mistrz Rzemios\u0142 Artystycznych)<\/em>\u00a0attribu\u00e9 par le Ministre de la Culture et de l\u2019Art, le professeur Krawczuk.<\/p><p>Je <strong>con<\/strong><strong>\u00e7<\/strong><strong>ois et exerce<\/strong> mes \u0153uvres moi-m\u00eame. Je <strong>signe<\/strong> toutes mes \u0153uvres. Je sculpte des <em>mod<\/em><em>\u00e8<\/em><em>les<\/em>, j\u2019exerce des <em>formes<\/em> ainsi que des <strong>moulages pr\u00e9cis<\/strong> en <em>argent, laiton et aluminium<\/em>, je <strong>cis\u00e8le<\/strong> et <strong>patine<\/strong>.<\/p><p>Mes \u0153uvres ainsi que des mat\u00e9riaux utilis\u00e9s sont toujours de la <strong>meilleure qualit<\/strong><strong>\u00e9<\/strong> et poss\u00e8dent une <em>certification<\/em>. Le m\u00e9tal est fabriqu\u00e9 selon ma recette \u00e9labor\u00e9e au cours de presque <strong>40 ans<\/strong> afin de mettre l\u2019accent sur la <em>pur<\/em><em>e<\/em><em>t<\/em><em>\u00e9<\/em> et la <em>noblesse<\/em> du mat\u00e9riel. \u00a0<\/p>\n\t<\/div>\n<!-- \/module text -->\n\n\t\t\t\t\n\t\t\t<\/div><!-- \/.tb-column-inner -->\n\t\t\t\t\t<\/div>\n\t\t<!-- \/.tb-column -->\n\t\t\n\t\t\n\t\t<div  class=\"col3-1 last tb-column  tb_643_column module_column_1 module_column\" >\n\n\t\t\t\n\t\t\t\n\t\t\t<div class=\"tb-column-inner\">\n\n\t\t\t\t\n\t\t\t\t\n\t\t\t\t\t\n\t<!-- module image -->\n\t<div id=\"image-643-0-1-1\" class=\"module module-image image-643-0-1-1   image-center  wow fadeInRight auto_fullwidth\">\n\n\t\t\n\t\t\n\t\t<div class=\"image-wrap\">\n\t\t\t\t\t\t\t<img loading=\"lazy\" decoding=\"async\" width=\"1609\" height=\"1630\" src=\"http:\/\/artjaniszewski.pl\/wp-content\/uploads\/2016\/12\/DSC00494-pro-4.jpg\" class=\" wp-image-496\" title=\"dsc00494-pro\" alt=\"A propos de l\u2019atelier\" srcset=\"https:\/\/artjaniszewski.pl\/wp-content\/uploads\/2016\/12\/DSC00494-pro-4.jpg 1609w, https:\/\/artjaniszewski.pl\/wp-content\/uploads\/2016\/12\/DSC00494-pro-4-296x300.jpg 296w, https:\/\/artjaniszewski.pl\/wp-content\/uploads\/2016\/12\/DSC00494-pro-4-768x778.jpg 768w, https:\/\/artjaniszewski.pl\/wp-content\/uploads\/2016\/12\/DSC00494-pro-4-1011x1024.jpg 1011w\" sizes=\"auto, (max-width: 1609px) 100vw, 1609px\" \/>\t\t\t\n\t\t\t\t\t\t<\/div>\n\t\t\t<!-- \/image-wrap -->\n\t\t\n\t\t\n\t\t\n\t\t<\/div>\n\t<!-- \/module image -->\n\n\n\t\t\t\t\n\t\t\t<\/div><!-- \/.tb-column-inner -->\n\t\t\t\t\t<\/div>\n\t\t<!-- \/.tb-column -->\n\t\t\n\t\t\n\t\t\t\t\t\t\t\t\n\t\t\t\t\t\t\t\t\n\t\t\t\t\t\t\t\n\t\t\t\t\t\t<\/div>\n\t\t\t\t\t\t<!-- \/row_inner -->\n\t\t\t\t\t<\/div>\n\t\t\t\t\t<!-- \/row_inner_wrapper -->\n\t\t\t\t<\/div>\n\t\t\t\t<!-- \/module_row -->\n\t\t\t\t\t<!-- module_row -->\n\t\t\t<div  data-gutter=\"gutter-default\" class=\"themify_builder_row themify_builder_643_row module_row module_row_1 clearfix gutter-default col_align_top\" data-equal-column-height=\"\" data-column-alignment=\"col_align_top\">\n\n\t\t\n\t\t\t\t\n\t\t\t\t<div class=\"row_inner_wrapper\">\n\t\t\t\t\t<div class=\"row_inner\">\n\n\t\t\t\t\t\t\n\t\t\t\t\t\t\n\t\t\t\t\t\t\t\n\t\t<div  class=\"col-full first tb-column  tb_643_column module_column_0 module_column\" >\n\n\t\t\t\n\t\t\t\n\t\t\t<div class=\"tb-column-inner\">\n\n\t\t\t\t\n\t\t\t\t\n\t\t\t\t\t\n<!-- module text -->\n<div id=\"text-643-1-0-1\" class=\"module module-text text-643-1-0-1   wow fadeInLeft\">\n\t\n\t\n\t<div class=\"page\" title=\"Page 1\"><div class=\"layoutArea\"><div class=\"column\"><h3>MOULAGE \u2013\u00a0METHODE DE LA CIRE PERDU<\/h3><p>Je r\u00e9alise des <strong>moulages pr<\/strong><strong>\u00e9cis<\/strong> dans la technique de <em>la cire perdue<\/em> qui date du\u00a0<strong>XVIII<\/strong>\u00a0si\u00e8cle qui <strong>garantit<\/strong> la plus haute qualit\u00e9 dans mon atelier. <br \/> Pour r\u00e9aliser des <em>abat-jours<\/em> et d\u2019autres objets de d\u00e9coration, je n\u2019utilise que du verre de vitrail <em>originel<\/em> provenant des <em>Etats-Unis<\/em> que je plie et <strong>forme<\/strong> dans la forme d\u00e9sir\u00e9e. <br \/> Je cr\u00e9e aussi des \u0153uvres en <em>ambre<\/em> naturel, en combinaison avec le verre et le m\u00e9tal.<\/p><\/div><\/div><\/div>\n\t<\/div>\n<!-- \/module text -->\n<div class=\"themify_builder_sub_row clearfix gutter-default  col_align_middle sub_row_1-0-2\"  >\n\t\t\n\t\t<div  class=\"col4-2 first sub_column sub_column_1-0-2-0 sub_column_post_643\" >\n\t\t\n\t\t\n\t\t\t\t\t\n\t<!-- module image -->\n\t<div id=\"image-643-sub_row_1-0-2-0-0\" class=\"module module-image image-643-sub_row_1-0-2-0-0   image-center  wow fadeInLeft auto_fullwidth\">\n\n\t\t\n\t\t\n\t\t<div class=\"image-wrap\">\n\t\t\t\t\t\t\t<img loading=\"lazy\" decoding=\"async\" width=\"1024\" height=\"768\" src=\"http:\/\/artjaniszewski.pl\/wp-content\/uploads\/2016\/12\/12-1-1024x768.jpg\" class=\" wp-image-281\" alt=\"A propos de l\u2019atelier\" srcset=\"https:\/\/artjaniszewski.pl\/wp-content\/uploads\/2016\/12\/12-1-1024x768.jpg 1024w, https:\/\/artjaniszewski.pl\/wp-content\/uploads\/2016\/12\/12-1-300x225.jpg 300w, https:\/\/artjaniszewski.pl\/wp-content\/uploads\/2016\/12\/12-1-768x576.jpg 768w, https:\/\/artjaniszewski.pl\/wp-content\/uploads\/2016\/12\/12-1.jpg 1152w\" sizes=\"auto, (max-width: 1024px) 100vw, 1024px\" \/>\t\t\t\n\t\t\t\t\t\t<\/div>\n\t\t\t<!-- \/image-wrap -->\n\t\t\n\t\t\n\t\t\n\t\t<\/div>\n\t<!-- \/module image -->\n\n\n\t\t\t\t\t<\/div><!-- \/sub_column --><div  class=\"col4-2 last sub_column sub_column_1-0-2-1 sub_column_post_643\" >\n\t\t\n\t\t\n\t\t\t\t\t\n<!-- module text -->\n<div id=\"text-643-sub_row_1-0-2-1-0\" class=\"module module-text text-643-sub_row_1-0-2-1-0   wow fadeInRight\">\n\t\n\t\n\t<p>Je con\u00e7ois et Exerce des:<\/p><p><br \/> \u25ba<strong>\u00a0<\/strong><strong>lampes<\/strong>\u00a0de vitrail,\u00a0<strong>vitraux<\/strong>, objets de d\u00e9coration,<br \/> \u25ba\u00a0<strong>girandoles,<\/strong><strong>\u00a0<\/strong>plafonds<strong>,<\/strong><strong>\u00a0<\/strong>quinquets<strong>, chandeliers,<\/strong><br \/> \u25ba\u00a0<strong>statuette,<\/strong><strong>\u00a0<\/strong>plaquets<strong>, m\u00e9dailles,<\/strong><br \/> <strong>\u25ba<\/strong><strong>\u00a0<\/strong>fontaines<strong>, monuments,<\/strong><strong>\u00a0<\/strong>tableaux<strong>,<\/strong><br \/> <strong>\u25ba<\/strong><strong>\u00a0<\/strong>figures<strong>, sculptures,<\/strong><strong>\u00a0<\/strong>reliefs<strong>,<\/strong><br \/> <strong>\u25ba<\/strong><strong>\u00a0<\/strong>produits<strong>\u00a0<\/strong><strong>sacr<\/strong><strong>\u00e9<\/strong><strong>s et religieux,<\/strong><br \/> <strong>\u25ba<\/strong><strong>\u00a0<\/strong>sucriers<strong>, plateaux,<\/strong><strong>\u00a0<\/strong>argenterie<strong>,<\/strong><strong>\u00a0<\/strong>vases<strong>,<\/strong><br \/> <strong>\u25ba<\/strong><strong>\u00a0<\/strong><strong>fa<\/strong><strong>\u00e7<\/strong><strong>onnage <\/strong><strong>\u00e0<\/strong><strong> main de verre<\/strong>, traitement et application de <strong>sculpture<\/strong> en m\u00e9tal.<\/p>\n\t<\/div>\n<!-- \/module text -->\n\n\t\t\t\t\t<\/div><!-- \/sub_column --><\/div><!-- \/themify_builder_sub_row -->\n\t\t\t\t\n\t\t\t<\/div><!-- \/.tb-column-inner -->\n\t\t\t\t\t<\/div>\n\t\t<!-- \/.tb-column -->\n\t\t\n\t\t\n\t\t\t\t\t\t\t\t\n\t\t\t\t\t\t\t\t\n\t\t\t\t\t\t\t\n\t\t\t\t\t\t<\/div>\n\t\t\t\t\t\t<!-- \/row_inner -->\n\t\t\t\t\t<\/div>\n\t\t\t\t\t<!-- \/row_inner_wrapper -->\n\t\t\t\t<\/div>\n\t\t\t\t<!-- \/module_row -->\n\t\t\t\t\t<!-- module_row -->\n\t\t\t<div  data-gutter=\"gutter-default\" class=\"themify_builder_row themify_builder_643_row module_row module_row_2 clearfix gutter-default col_align_top\" data-equal-column-height=\"\" data-column-alignment=\"col_align_top\">\n\n\t\t\n\t\t\t\t\n\t\t\t\t<div class=\"row_inner_wrapper\">\n\t\t\t\t\t<div class=\"row_inner\">\n\n\t\t\t\t\t\t\n\t\t\t\t\t\t\n\t\t\t\t\t\t\t\n\t\t<div  class=\"col-full first tb-column  tb_643_column module_column_0 module_column\" >\n\n\t\t\t\n\t\t\t\n\t\t\t<div class=\"tb-column-inner\">\n\n\t\t\t\t\n\t\t\t\t\n\t\t\t\t\t\n<!-- module text -->\n<div id=\"text-643-2-0-1\" class=\"module module-text text-643-2-0-1   wow fadeInLeft\">\n\t\n\t\n\t<div class=\"page\" title=\"Page 1\"><div class=\"layoutArea\"><div class=\"column\"><h3>RENOVATION ET RECONSTRUCTION D\u2019ANTIQUITES<\/h3><p>Je m\u2019occupe aussi de <strong>r\u00e9novation <\/strong><strong>et reconstruction <\/strong>d\u2019antiquit\u00e9s de diverses \u00e9poques et de plusieurs m\u00e9taux. <strong>Je forge<\/strong> dans des feuilles de laiton et d\u2019argent par des techniques anciennes: parmi d\u2019autres\u00a0<em>abat-jours<\/em>\u00a0pour lampes,\u00a0<em>reliefs<\/em> et d\u2019autres.<br \/> J\u2019ai effectu\u00e9 plusieurs \u0153uvres en <em>argent<\/em>, en <em>bronze dor<\/em><em>\u00e9<\/em> et en <em>laiton<\/em> pour des collections priv\u00e9es et des \u00e9glises, comme par exemple la r\u00e9plique du XIV s. du <em>Cierge pascal<\/em>\u00a0(140 cm d\u2019hauteur) pour la <strong>Cath\u00e9drale <\/strong><strong>\u00e0 Pelpin<\/strong>. En 1999 j\u2019ai cr\u00e9\u00e9 la r\u00e9plique de la <strong>\u00ab\u00a0Belle Madone\u00a0\u00bb<\/strong> du XV s. de Jan\u00f3w de hauteur 50 cm pour le <strong>Saint-P<\/strong><strong>\u00e8re<\/strong> <strong>Jean-Paul II<\/strong>, qui lui a \u00e9t\u00e9 donn\u00e9e \u00e0 Toru\u0144. <br \/> Ma vase de 60 cm en <em>bronze argent<\/em><em>\u00e9 <\/em>en combinaison avec du verre de deux couches a \u00e9t\u00e9 remis au Pr\u00e9sident des Etats-Unis <strong>George Bush<\/strong>\u00a0sur le terrain de golf \u00e0 Posto\u0142\u00f3w. J\u2019ai pr\u00e9par\u00e9 20 statuettes des \u00e9l\u00e9phants indiens pour des <strong>membres du Congr<\/strong><strong>\u00e8s<\/strong> <em>am\u00e9ricain<\/em>. J\u2019ai effectu\u00e9 des \u0153uvres parmi d\u2019autres pour le <strong>Mus<\/strong><strong>\u00e9e de Ch\u00e2teau \u00e0 Malbork<\/strong>, le <strong>Palais de Wiechert<\/strong> \u00e0 Starogard Gda\u0144ski,\u00a0<strong>Pomorska Izba Rzemie\u015blnicza (Chambre d\u2019Artisanat)<\/strong>, des Ateliers de Conservation par exemple: r\u00e9novation et reconstruction de la figure de 120 cm du zinc pour <strong>l\u2019Atelier de Conservation de Monuments<\/strong> \u00e0 Toru\u0144, ou bien des fermoirs pour le <strong>Bureau d\u2019Int\u00e9gration d\u2019Activit\u00e9s Conservatoires<\/strong> (<strong>Biuro Integracji Dzia\u0142a\u0144 Konserwatorskich) <\/strong>\u00e0 Gda\u0144sk.<\/p><\/div><\/div><\/div>\n\t<\/div>\n<!-- \/module text -->\n\n\t\t\t\t\n\t\t\t<\/div><!-- \/.tb-column-inner -->\n\t\t\t\t\t<\/div>\n\t\t<!-- \/.tb-column -->\n\t\t\n\t\t\n\t\t\t\t\t\t\t\t\n\t\t\t\t\t\t\t\t\n\t\t\t\t\t\t\t\n\t\t\t\t\t\t<\/div>\n\t\t\t\t\t\t<!-- \/row_inner -->\n\t\t\t\t\t<\/div>\n\t\t\t\t\t<!-- \/row_inner_wrapper -->\n\t\t\t\t<\/div>\n\t\t\t\t<!-- \/module_row -->\n\t\t\t\t\t<!-- module_row -->\n\t\t\t<div  data-gutter=\"gutter-default\" class=\"themify_builder_row themify_builder_643_row module_row module_row_3 clearfix gutter-default col_align_top\" data-equal-column-height=\"\" data-column-alignment=\"col_align_top\">\n\n\t\t\n\t\t\t\t\n\t\t\t\t<div class=\"row_inner_wrapper\">\n\t\t\t\t\t<div class=\"row_inner\">\n\n\t\t\t\t\t\t\n\t\t\t\t\t\t\n\t\t\t\t\t\t\t\n\t\t<div  class=\"col3-2 first tb-column  tb_643_column module_column_0 module_column\" >\n\n\t\t\t\n\t\t\t\n\t\t\t<div class=\"tb-column-inner\">\n\n\t\t\t\t\n\t\t\t\t\n\t\t\t\t\t\n<!-- module text -->\n<div id=\"text-643-3-0-1\" class=\"module module-text text-643-3-0-1   wow fadeInLeft\">\n\t\n\t\n\t<div class=\"page\" title=\"Page 1\"><div class=\"layoutArea\"><div class=\"column\"><p>En plus, j\u2019ai cr\u00e9\u00e9 la figure de trois m\u00e8tres de \u00ab\u00a0Jean le P\u00eacheur\u00a0\u00bb (Ja\u015b Rybak) pour la fontaine \u00e0 Sopot, <strong>\u00ab\u00a0L\u2019arbre\u00a0\u00bb<\/strong> (<strong>Drzewo<\/strong>) sur le March\u00e9 \u00e0 \u015awiecie, <strong>\u00ab\u00a0Grenouilles\u00a0\u00bb<\/strong> (<strong>\u017baby<\/strong>) pour les Centres d\u2019Architecture en Allemagne et beaucoup d\u2019autres. <br \/> J\u2019ai aussi r\u00e9alis\u00e9 plusieurs <strong>statuettes<\/strong> en bronze pour les entreprises: la statuette d\u2019arbre pour <strong>Compensa<\/strong>, Saint Florian pour <strong>Top-Design<\/strong>, pour l\u2019Association \u00ab\u00a0<strong>Sercu na Ratunek<\/strong>\u00a0\u00bb,\u00a0<strong>\u00ab\u00a0Soci<\/strong><strong>\u00e9t\u00e9 Th\u00e9rapeutique\u00a0\u00bb<\/strong> \u00e0 Gda\u0144sk, pour le <strong>Bureau Danois de Commerce<\/strong> \u00e0 Gdynia,\u00a0\u00ab\u00a0<strong>Kataryniarzy\u00a0\u00bb<\/strong>, la statuette \u00ab\u00a0<strong>\u017bywiec<\/strong>\u00a0\u00bb,\u00a0<strong>Temida<\/strong>,\u00a0<strong>Gentleman de l\u2019Ann<\/strong><strong>\u00e9e<\/strong> et beaucoup d\u2019autres.<br \/> Mes \u0153uvres ont \u00e9t\u00e9 pr\u00e9sent\u00e9es dans des <strong>galeries<\/strong> et des <strong>maisons de vente aux ench<\/strong><strong>\u00e8res<\/strong> du monde entier et ont \u00e9t\u00e9 distingu\u00e9es et r\u00e9compens\u00e9es pendant plusieurs expositions polonaises et internationales.<\/p><p style=\"text-align: right;\"><em>Stanislaw Janiszewski <br \/><\/em><em>Artiste Sculpteur <\/em><\/p><\/div><\/div><\/div>\n\t<\/div>\n<!-- \/module text -->\n\n\t\t\t\t\n\t\t\t<\/div><!-- \/.tb-column-inner -->\n\t\t\t\t\t<\/div>\n\t\t<!-- \/.tb-column -->\n\t\t\n\t\t\n\t\t<div  class=\"col3-1 last tb-column  tb_643_column module_column_1 module_column\" >\n\n\t\t\t\n\t\t\t\n\t\t\t<div class=\"tb-column-inner\">\n\n\t\t\t\t\n\t\t\t\t\n\t\t\t\t\t\n\t<!-- module image -->\n\t<div id=\"image-643-3-1-1\" class=\"module module-image image-643-3-1-1   image-center  wow fadeInRight auto_fullwidth\">\n\n\t\t\n\t\t\n\t\t<div class=\"image-wrap\">\n\t\t\t\t\t\t\t<img loading=\"lazy\" decoding=\"async\" width=\"931\" height=\"1024\" src=\"http:\/\/artjaniszewski.pl\/wp-content\/uploads\/2016\/12\/15-2.jpg\" class=\" wp-image-278\" alt=\"A propos de l\u2019atelier\" srcset=\"https:\/\/artjaniszewski.pl\/wp-content\/uploads\/2016\/12\/15-2.jpg 931w, https:\/\/artjaniszewski.pl\/wp-content\/uploads\/2016\/12\/15-2-273x300.jpg 273w, https:\/\/artjaniszewski.pl\/wp-content\/uploads\/2016\/12\/15-2-768x845.jpg 768w\" sizes=\"auto, (max-width: 931px) 100vw, 931px\" \/>\t\t\t\n\t\t\t\t\t\t<\/div>\n\t\t\t<!-- \/image-wrap -->\n\t\t\n\t\t\n\t\t\n\t\t<\/div>\n\t<!-- \/module image -->\n\n\n\t\t\t\t\n\t\t\t<\/div><!-- \/.tb-column-inner -->\n\t\t\t\t\t<\/div>\n\t\t<!-- \/.tb-column -->\n\t\t\n\t\t\n\t\t\t\t\t\t\t\t\n\t\t\t\t\t\t\t\t\n\t\t\t\t\t\t\t\n\t\t\t\t\t\t<\/div>\n\t\t\t\t\t\t<!-- \/row_inner -->\n\t\t\t\t\t<\/div>\n\t\t\t\t\t<!-- \/row_inner_wrapper -->\n\t\t\t\t<\/div>\n\t\t\t\t<!-- \/module_row -->\n\t\t<\/div>\n<!-- \/themify_builder_content -->","protected":false},"excerpt":{"rendered":"<p>STANIS\u0141AW JANISZEWSKI &#8211; ARTISTE SCULPTEURN\u00e9 en ao\u00fbt 1940 &#8211; D\u00e9c\u00e9d\u00e9 en avril 2023.L\u2019atelier a \u00e9t\u00e9 fond\u00e9 en 1979, mais la connaissance de la sculpture en m\u00e9tal a \u00e9t\u00e9 pass\u00e9e depuis plusieurs g\u00e9n\u00e9rations. Je suis artiste sculpteur, je poss\u00e8de le titre du Ma\u00eetre d\u2019Artisanat (Mistrz Rzemios\u0142 Artystycznych)\u00a0attribu\u00e9 par le Ministre de la Culture et de l\u2019Art, [&hellip;]<\/p>\n","protected":false},"author":1,"featured_media":0,"parent":0,"menu_order":0,"comment_status":"closed","ping_status":"closed","template":"","meta":{"footnotes":""},"class_list":["post-643","page","type-page","status-publish","hentry","has-post-title","has-post-date","has-post-category","has-post-tag","has-post-comment","has-post-author"],"_links":{"self":[{"href":"https:\/\/artjaniszewski.pl\/fr\/wp-json\/wp\/v2\/pages\/643","targetHints":{"allow":["GET"]}}],"collection":[{"href":"https:\/\/artjaniszewski.pl\/fr\/wp-json\/wp\/v2\/pages"}],"about":[{"href":"https:\/\/artjaniszewski.pl\/fr\/wp-json\/wp\/v2\/types\/page"}],"author":[{"embeddable":true,"href":"https:\/\/artjaniszewski.pl\/fr\/wp-json\/wp\/v2\/users\/1"}],"replies":[{"embeddable":true,"href":"https:\/\/artjaniszewski.pl\/fr\/wp-json\/wp\/v2\/comments?post=643"}],"version-history":[{"count":23,"href":"https:\/\/artjaniszewski.pl\/fr\/wp-json\/wp\/v2\/pages\/643\/revisions"}],"predecessor-version":[{"id":12216,"href":"https:\/\/artjaniszewski.pl\/fr\/wp-json\/wp\/v2\/pages\/643\/revisions\/12216"}],"wp:attachment":[{"href":"https:\/\/artjaniszewski.pl\/fr\/wp-json\/wp\/v2\/media?parent=643"}],"curies":[{"name":"wp","href":"https:\/\/api.w.org\/{rel}","templated":true}]}}